{"id":99,"date":"2024-05-18T21:59:54","date_gmt":"2024-05-18T19:59:54","guid":{"rendered":"https:\/\/elementoff.com\/preorder\/?post_type=product&#038;p=99"},"modified":"2024-07-19T16:24:20","modified_gmt":"2024-07-19T14:24:20","slug":"t-shirt-oversized-unisex-droga-do-mekki2","status":"publish","type":"product","link":"https:\/\/elementoff.com\/preorder\/product\/t-shirt-oversized-unisex-droga-do-mekki2\/","title":{"rendered":"T-SHIRT OVERSIZED UNISEX Droga do mekki 2"},"content":{"rendered":"<p>Seria: <strong>Droga do mekki \u2013 limitowana edycja<\/strong><\/p>\r\n<p><strong>Sprzeda\u017c PREORDER. Jak to dzia\u0142a<\/strong>. Przyjmowanie zam\u00f3wie\u0144 potrwa do 20.06.2024 r. Koszulka nie b\u0119dzie dost\u0119pna w sprzeda\u017cy seryjnej. Po zako\u0144czeniu sprzeda\u017cy preorder\u00f3w, zakupione koszulki trafi\u0105 do odbiorc\u00f3w w ci\u0105gu kolejnych 14 dni roboczych.<\/p>\r\n<p><strong>Produkt stworzony z bawe\u0142ny<\/strong>. Koszulka zosta\u0142a wykonana w ca\u0142o\u015bci z wysokiej jako\u015bci bawe\u0142ny, o grubo\u015bci 220 g\/m2. Kr\u00f3j oraz wi\u0119ksza od standardowych koszulek grubo\u015b\u0107, zapewnia wyj\u0105tkow\u0105 wygod\u0119 podczas noszenia i trwa\u0142o\u015b\u0107 na d\u0142ugi czas.<\/p>\r\n<p><strong>Technika znakowania produktu<\/strong>. Logo na froncie T-shirt&#8217;a znakujemy haftem, co dodaje elegancji i sprawia, \u017ce koszulki prezentuj\u0105 si\u0119 wyj\u0105tkowo. Ty\u0142 koszulki znakujemy technik\u0105 sitodruk. Po\u0142\u0105czenie obu tych technik daje niezwyk\u0142e efekty wizualne oraz zapewnia jako\u015b\u0107 premium, kt\u00f3ra przetrwa lata.<\/p>\r\n<p><strong>Inicja\u0142y kupuj\u0105cego<\/strong>. Z ty\u0142u koszulki nanosimy inicja\u0142y kupuj\u0105cego. Inicja\u0142y, wyst\u0119puj\u0105 r\u00f3wnie\u017c na plastikowej karcie produktowej do\u0142\u0105czonej do produktu.<br \/>\r\nZakupiony zestaw umieszczamy w czarnym ozdobnym, r\u0119cznie wykonanym pude\u0142ku. Koszulka, wzbogacona o badge (przypink\u0119).<\/p>\r\n<p><strong>WA\u017bNE<\/strong>. Je\u015bli inicja\u0142y na bluzie maj\u0105 by\u0107 inne ni\u017c dane zamawiaj\u0105cego, prosimy o podanie tej informacji w komentarzu podczas sk\u0142adania zam\u00f3wienia.<\/p>","protected":false},"excerpt":{"rendered":"<p>Limitowana edycja! T-shirt UNISEX inspirowany legendarnym klubem muzycznym Droga do mekki [muzyki, grafiki, filmu]. Oversizowy kr\u00f3j, obni\u017cone r\u0119kawy &#8211; koszulka na tyle szeroka, \u017ce do rozmiaru XL potrzeba wielkoluda. Przylegaj\u0105cy do szyi ko\u0142nierzyk dodaje wyj\u0105tkowego charakteru i oryginalno\u015bci. Wykonana w ca\u0142o\u015bci z bawe\u0142ny o grubo\u015bci 220 g\/m2. Ka\u017cdy T-shirt posiada osobn\u0105 numeracj\u0119, a na tyle umieszczamy inicja\u0142y kupuj\u0105cego. Sprzeda\u017c w preorderze potrwa do 20 czerwca br.<\/p>\n","protected":false},"featured_media":106,"comment_status":"open","ping_status":"closed","template":"","meta":[],"product_cat":[17,16],"product_tag":[58],"class_list":{"0":"post-99","1":"product","2":"type-product","3":"status-publish","4":"has-post-thumbnail","6":"product_cat-koszulki","7":"product_cat-merch","8":"product_tag-unisex2","10":"first","11":"outofstock","12":"taxable","13":"shipping-taxable","14":"purchasable","15":"product-type-variable"},"_links":{"self":[{"href":"https:\/\/elementoff.com\/preorder\/wp-json\/wp\/v2\/product\/99","targetHints":{"allow":["GET"]}}],"collection":[{"href":"https:\/\/elementoff.com\/preorder\/wp-json\/wp\/v2\/product"}],"about":[{"href":"https:\/\/elementoff.com\/preorder\/wp-json\/wp\/v2\/types\/product"}],"replies":[{"embeddable":true,"href":"https:\/\/elementoff.com\/preorder\/wp-json\/wp\/v2\/comments?post=99"}],"wp:featuredmedia":[{"embeddable":true,"href":"https:\/\/elementoff.com\/preorder\/wp-json\/wp\/v2\/media\/106"}],"wp:attachment":[{"href":"https:\/\/elementoff.com\/preorder\/wp-json\/wp\/v2\/media?parent=99"}],"wp:term":[{"taxonomy":"product_cat","embeddable":true,"href":"https:\/\/elementoff.com\/preorder\/wp-json\/wp\/v2\/product_cat?post=99"},{"taxonomy":"product_tag","embeddable":true,"href":"https:\/\/elementoff.com\/preorder\/wp-json\/wp\/v2\/product_tag?post=99"}],"curies":[{"name":"wp","href":"https:\/\/api.w.org\/{rel}","templated":true}]}}