{"id":63,"date":"2024-05-12T17:35:25","date_gmt":"2024-05-12T15:35:25","guid":{"rendered":"https:\/\/elementoff.com\/preorder\/?post_type=product&#038;p=63"},"modified":"2024-07-30T15:41:39","modified_gmt":"2024-07-30T13:41:39","slug":"sweatshirt-ladies-cisza-i-spokoj-4","status":"publish","type":"product","link":"https:\/\/elementoff.com\/preorder\/product\/sweatshirt-ladies-cisza-i-spokoj-4\/","title":{"rendered":"SWEATSHIRT LADIES Cisza i Spok\u00f3j 4"},"content":{"rendered":"<p>Seria: <strong>CISZA I SPOK\u00d3J<\/strong>.<\/p>\r\n<p><strong>Sprzeda\u017c PREORDER. Jak to dzia\u0142a. <\/strong> Przyjmowanie zam\u00f3wie\u0144 potrwa do 10.08.2024 r. Po tym okresie produkt mo\u017ce, ale nie musi trafi\u0107 do seryjnej sprzeda\u017cy. Je\u015bli ca\u0142o\u015b\u0107 przewidzianego nak\u0142adu wyczerpie si\u0119 w preorderze, zestaw nie b\u0119dzie dost\u0119pny w sprzeda\u017cy seryjnej. Po zako\u0144czeniu sprzeda\u017cy preorder\u00f3w, zakupione bluzy trafi\u0105 do odbiorc\u00f3w w ci\u0105gu 21 dni roboczych.<\/p>\r\n<p><strong>Produkt stworzony z bawe\u0142ny organicznej<\/strong>. SWEATSHIRT wykonany z 100 % bawe\u0142ny organicznej. Grubo\u015b\u0107 300 g\/m2. Wybieraj\u0105c produkty z organicznej bawe\u0142ny, wybierasz produkt wytworzony z poszanowaniem \u015brodowiska naturalnego i zdrowia ludzi, minimalizuj\u0105c negatywny wp\u0142yw na planet\u0119. Bawe\u0142na organiczna jest uprawiana bez u\u017cycia syntetycznych pestycyd\u00f3w czy nawoz\u00f3w chemicznych.<\/p>","protected":false},"excerpt":{"rendered":"<p>Seria damskich bluz SWEATSHIRTS zwi\u0105zana z wydawnictwem Natalii Sosin &#8211; Krosnowskiej &#8220;Cisza i Spok\u00f3j. Ca\u0142a prawda o \u017cyciu daleko od miasta.&#8221; Materia\u0142 100 % bawe\u0142na organiczna. Grubo\u015b\u0107 300 g\/m2. Sprzeda\u017c w preorderze potrwa do 10 sierpnia br.<\/p>\n","protected":false},"featured_media":82,"comment_status":"closed","ping_status":"closed","template":"","meta":[],"product_cat":[18,16],"product_tag":[],"class_list":{"0":"post-63","1":"product","2":"type-product","3":"status-publish","4":"has-post-thumbnail","6":"product_cat-bluzy","7":"product_cat-merch","8":"product_shipping_class-pod","10":"first","11":"instock","12":"taxable","13":"shipping-taxable","14":"purchasable","15":"product-type-variable","16":"has-default-attributes"},"_links":{"self":[{"href":"https:\/\/elementoff.com\/preorder\/wp-json\/wp\/v2\/product\/63","targetHints":{"allow":["GET"]}}],"collection":[{"href":"https:\/\/elementoff.com\/preorder\/wp-json\/wp\/v2\/product"}],"about":[{"href":"https:\/\/elementoff.com\/preorder\/wp-json\/wp\/v2\/types\/product"}],"replies":[{"embeddable":true,"href":"https:\/\/elementoff.com\/preorder\/wp-json\/wp\/v2\/comments?post=63"}],"wp:featuredmedia":[{"embeddable":true,"href":"https:\/\/elementoff.com\/preorder\/wp-json\/wp\/v2\/media\/82"}],"wp:attachment":[{"href":"https:\/\/elementoff.com\/preorder\/wp-json\/wp\/v2\/media?parent=63"}],"wp:term":[{"taxonomy":"product_cat","embeddable":true,"href":"https:\/\/elementoff.com\/preorder\/wp-json\/wp\/v2\/product_cat?post=63"},{"taxonomy":"product_tag","embeddable":true,"href":"https:\/\/elementoff.com\/preorder\/wp-json\/wp\/v2\/product_tag?post=63"}],"curies":[{"name":"wp","href":"https:\/\/api.w.org\/{rel}","templated":true}]}}