{"id":55,"date":"2024-05-12T17:29:06","date_gmt":"2024-05-12T15:29:06","guid":{"rendered":"https:\/\/elementoff.com\/preorder\/?post_type=product&#038;p=55"},"modified":"2024-07-19T16:32:48","modified_gmt":"2024-07-19T14:32:48","slug":"sweatshirt-ladies-cisza-i-spokoj-3","status":"publish","type":"product","link":"https:\/\/elementoff.com\/preorder\/product\/sweatshirt-ladies-cisza-i-spokoj-3\/","title":{"rendered":"SWEATSHIRT LADIES Cisza i Spok\u00f3j 3"},"content":{"rendered":"<p>Seria: <strong>CISZA I SPOK\u00d3J<\/strong>.<\/p>\r\n<p><strong>Sprzeda\u017c PREORDER. Jak to dzia\u0142a. <\/strong> Przyjmowanie zam\u00f3wie\u0144 potrwa do 10.08.2024 r. Po tym okresie produkt mo\u017ce, ale nie musi trafi\u0107 do seryjnej sprzeda\u017cy. Je\u015bli ca\u0142o\u015b\u0107 przewidzianego nak\u0142adu wyczerpie si\u0119 w preorderze, zestaw nie b\u0119dzie dost\u0119pny w sprzeda\u017cy seryjnej. Po zako\u0144czeniu sprzeda\u017cy preorder\u00f3w, zakupione bluzy trafi\u0105 do odbiorc\u00f3w w ci\u0105gu 14 dni roboczych.<\/p>\r\n<p><strong>Produkt stworzony z bawe\u0142ny organicznej<\/strong>. SWEATSHIRT wykonany z 100 % bawe\u0142ny organicznej. Grubo\u015b\u0107 300 g\/m2. Wybieraj\u0105c produkty z organicznej bawe\u0142ny, wybierasz produkt wytworzony z poszanowaniem \u015brodowiska naturalnego i zdrowia ludzi, minimalizuj\u0105c negatywny wp\u0142yw na planet\u0119. Bawe\u0142na organiczna jest uprawiana bez u\u017cycia syntetycznych pestycyd\u00f3w czy nawoz\u00f3w chemicznych.<\/p>","protected":false},"excerpt":{"rendered":"<p>Seria damskich bluz SWEATSHIRTS zwi\u0105zana z wydawnictwem Natalii Sosin &#8211; Krosnowskiej &#8220;Cisza i Spok\u00f3j. Ca\u0142a prawda o \u017cyciu daleko od miasta.&#8221; Materia\u0142 100 % bawe\u0142na organiczna. Grubo\u015b\u0107 300 g\/m2. Sprzeda\u017c w preorderze potrwa do 10 sierpnia br.<\/p>\n","protected":false},"featured_media":174,"comment_status":"closed","ping_status":"closed","template":"","meta":[],"product_cat":[18,16],"product_tag":[],"class_list":{"0":"post-55","1":"product","2":"type-product","3":"status-publish","4":"has-post-thumbnail","6":"product_cat-bluzy","7":"product_cat-merch","9":"first","10":"instock","11":"taxable","12":"shipping-taxable","13":"purchasable","14":"product-type-variable","15":"has-default-attributes"},"_links":{"self":[{"href":"https:\/\/elementoff.com\/preorder\/wp-json\/wp\/v2\/product\/55","targetHints":{"allow":["GET"]}}],"collection":[{"href":"https:\/\/elementoff.com\/preorder\/wp-json\/wp\/v2\/product"}],"about":[{"href":"https:\/\/elementoff.com\/preorder\/wp-json\/wp\/v2\/types\/product"}],"replies":[{"embeddable":true,"href":"https:\/\/elementoff.com\/preorder\/wp-json\/wp\/v2\/comments?post=55"}],"wp:featuredmedia":[{"embeddable":true,"href":"https:\/\/elementoff.com\/preorder\/wp-json\/wp\/v2\/media\/174"}],"wp:attachment":[{"href":"https:\/\/elementoff.com\/preorder\/wp-json\/wp\/v2\/media?parent=55"}],"wp:term":[{"taxonomy":"product_cat","embeddable":true,"href":"https:\/\/elementoff.com\/preorder\/wp-json\/wp\/v2\/product_cat?post=55"},{"taxonomy":"product_tag","embeddable":true,"href":"https:\/\/elementoff.com\/preorder\/wp-json\/wp\/v2\/product_tag?post=55"}],"curies":[{"name":"wp","href":"https:\/\/api.w.org\/{rel}","templated":true}]}}