{"id":20,"date":"2024-05-10T14:55:32","date_gmt":"2024-05-10T12:55:32","guid":{"rendered":"https:\/\/elementoff.com\/preorder\/?post_type=product&#038;p=20"},"modified":"2024-07-19T16:21:18","modified_gmt":"2024-07-19T14:21:18","slug":"hoodie-premium-droga-do-mekki","status":"publish","type":"product","link":"https:\/\/elementoff.com\/preorder\/product\/hoodie-premium-droga-do-mekki\/","title":{"rendered":"HOODIE UNISEX Droga Do mekki (zestaw Premium)"},"content":{"rendered":"<p>Seria: <strong>Droga do mekki &#8211; limitowana edycja<\/strong><\/p>\r\n<p><strong>Sprzeda\u017c PREORDER. Jak to dzia\u0142a<\/strong>. Przyjmowanie zam\u00f3wie\u0144 potrwa do 20.06.2024 r. HOODIE nie b\u0119dzie dost\u0119pna w sprzeda\u017cy seryjnej. Po zako\u0144czeniu sprzeda\u017cy preorder\u00f3w, zakupione bluzy trafi\u0105 do odbiorc\u00f3w w ci\u0105gu kolejnych 14 dni roboczych.<\/p>\r\n<p><strong>Produkt stworzony z bawe\u0142ny organicznej<\/strong>. HOODIE wykonane z 100 % bawe\u0142ny organicznej. Grubo\u015b\u0107 300 g\/m2. Wybieraj\u0105c produkty z organicznej bawe\u0142ny, wybierasz produkt wytworzony z poszanowaniem \u015brodowiska naturalnego i zdrowia ludzi, minimalizuj\u0105c negatywny wp\u0142yw na planet\u0119. Bawe\u0142na organiczna jest uprawiana bez u\u017cycia syntetycznych pestycyd\u00f3w czy nawoz\u00f3w chemicznych.<\/p>\r\n<p><strong>Inicja\u0142y kupuj\u0105cego i numer seryjny limitowanego produktu<\/strong>. Z ty\u0142u HOODIE, opr\u00f3cz mozaiki z nazwami Tw\u00f3rc\u00f3w, umieszczamy inicja\u0142y kupuj\u0105cego i numer seryjny produktu. <strong>W ca\u0142ej serii nie ma dw\u00f3ch takich samych zestaw\u00f3w<\/strong>. Inicja\u0142y i numer, wyst\u0119puj\u0105 r\u00f3wnie\u017c na plastikowej karcie produktowej do\u0142\u0105czonej do produktu. Zam\u00f3wiony produkt otrzymasz w czarnym, r\u0119cznie wykonanym pude\u0142ku. W \u015brodku znajdziesz bluz\u0119 z doczepianymi elementami 3D tj. imitacj\u0105 p\u0142yt winylowych. Zestaw wzbogacony o badge, worek bawe\u0142niany, kt\u00f3ry s\u0142u\u017cy\u0107 mo\u017ce jako plecak (47 x 37 cm) oraz wspomnian\u0105 plastikow\u0105 kart\u0119 produktow\u0105.<\/p>\r\n<p><strong>Technika znakowania produktu<\/strong>. Prz\u00f3d bluzy (logo Drogi do mekki) wykonany Haftem. Na tyle bluzy Sitodruk. Dzi\u0119ki zastosowaniu tych technik, produkt przetrwa z Tob\u0105 przez lata bez uszczerbku na jako\u015bci.<\/p>\r\n<p><strong>WA\u017bNE<\/strong>. Je\u015bli inicja\u0142y na bluzie maj\u0105 by\u0107 inne ni\u017c dane zamawiaj\u0105cego, prosimy o podanie tej informacji w komentarzu podczas sk\u0142adania zam\u00f3wienia.<\/p>","protected":false},"excerpt":{"rendered":"<p>Limitowana edycja z seri\u0105 dodatk\u00f3w! HOODIE inspirowany legendarnym klubem muzycznym Droga do mekki [muzyki, grafiki, filmu], kt\u00f3ry dzia\u0142a\u0142 w latach 2004-2009 we Wroc\u0142awiu. Do bluzy zosta\u0142 do\u0142\u0105czony specjalnie stworzony na t\u0119 okazj\u0119 element 3D w kszta\u0142cie p\u0142yty winylowej, odzwierciedlaj\u0105cy profil klubu oraz znaczenie DJ-\u00f3w dla tego miejsca. Ka\u017cdy zestaw posiada osobn\u0105 numeracj\u0119, a na tyle bluzy umieszczamy inicja\u0142y kupuj\u0105cego. W ca\u0142ej serii nie ma dw\u00f3ch identycznych produkt\u00f3w. HOODIE wykonana jest w 100% z bawe\u0142ny organicznej. Sprzeda\u017c w preorderze potrwa do 20 czerwca br.<\/p>\n","protected":false},"featured_media":31,"comment_status":"closed","ping_status":"closed","template":"","meta":[],"product_cat":[18,16],"product_tag":[57],"class_list":{"0":"post-20","1":"product","2":"type-product","3":"status-publish","4":"has-post-thumbnail","6":"product_cat-bluzy","7":"product_cat-merch","8":"product_tag-hoodie","10":"first","11":"outofstock","12":"taxable","13":"shipping-taxable","14":"purchasable","15":"product-type-variable","16":"has-default-attributes"},"_links":{"self":[{"href":"https:\/\/elementoff.com\/preorder\/wp-json\/wp\/v2\/product\/20","targetHints":{"allow":["GET"]}}],"collection":[{"href":"https:\/\/elementoff.com\/preorder\/wp-json\/wp\/v2\/product"}],"about":[{"href":"https:\/\/elementoff.com\/preorder\/wp-json\/wp\/v2\/types\/product"}],"replies":[{"embeddable":true,"href":"https:\/\/elementoff.com\/preorder\/wp-json\/wp\/v2\/comments?post=20"}],"wp:featuredmedia":[{"embeddable":true,"href":"https:\/\/elementoff.com\/preorder\/wp-json\/wp\/v2\/media\/31"}],"wp:attachment":[{"href":"https:\/\/elementoff.com\/preorder\/wp-json\/wp\/v2\/media?parent=20"}],"wp:term":[{"taxonomy":"product_cat","embeddable":true,"href":"https:\/\/elementoff.com\/preorder\/wp-json\/wp\/v2\/product_cat?post=20"},{"taxonomy":"product_tag","embeddable":true,"href":"https:\/\/elementoff.com\/preorder\/wp-json\/wp\/v2\/product_tag?post=20"}],"curies":[{"name":"wp","href":"https:\/\/api.w.org\/{rel}","templated":true}]}}