{"id":146,"date":"2024-05-23T11:11:35","date_gmt":"2024-05-23T09:11:35","guid":{"rendered":"https:\/\/elementoff.com\/preorder\/?post_type=product&#038;p=146"},"modified":"2025-01-18T09:06:48","modified_gmt":"2025-01-18T08:06:48","slug":"set-droga-do-mekki","status":"publish","type":"product","link":"https:\/\/elementoff.com\/preorder\/product\/set-droga-do-mekki\/","title":{"rendered":"SET UNISEX Droga do mekki [Exclusive Premium]"},"content":{"rendered":"<p>Seria: <strong>Droga do mekki \u2013 limitowana edycja<\/strong><\/p>\r\n<p><strong>Sprzeda\u017c PREORDER. Jak to dzia\u0142a<\/strong>. Przyjmowanie zam\u00f3wie\u0144 potrwa do 20.06.2024 r. Zestaw nie b\u0119dzie dost\u0119pny w sprzeda\u017cy seryjnej. Po zako\u0144czeniu sprzeda\u017cy preorder\u00f3w, zakupiony zestaw trafi do odbiorc\u00f3w w ci\u0105gu kolejnych 14 dni roboczych.<\/p>\r\n<p>Jakie produkty wchodz\u0105 w sk\u0142ad zestawu.<\/p>\r\n<p><strong>HOODIE Unisex<\/strong><\/p>\r\n<p>HOODIE inspirowany legendarnym klubem muzycznym Droga do mekki [muzyki, grafiki, filmu], kt\u00f3ry dzia\u0142a\u0142 w latach 2004-2009 we Wroc\u0142awiu. Do bluzy zosta\u0142 do\u0142\u0105czony specjalnie stworzony na t\u0119 okazj\u0119 element 3D w kszta\u0142cie p\u0142yty winylowej, odzwierciedlaj\u0105cy profil klubu oraz znaczenie DJ-\u00f3w dla tego miejsca. Ka\u017cdy zestaw posiada osobn\u0105 numeracj\u0119, a na tyle bluzy umieszczamy inicja\u0142y kupuj\u0105cego. W ca\u0142ej serii nie ma dw\u00f3ch identycznych produkt\u00f3w. HOODIE wykonana jest w 100% z bawe\u0142ny organicznej.<\/p>\r\n<p>Jedna z dw\u00f3ch do wyboru koszulek: <strong>T-SHIRT OVERSIZED UNISEX Droga do mekki 2<\/strong> lub <strong>T-SHIRT OVERSIZED UNISEX Droga do mekki<\/strong><\/p>\r\n<p><strong>Pierwsza z nich tj. T-SHIRT OVERSIZED UNISEX Droga do mekki 2 (bia\u0142a)<\/strong> ma oversizowy kr\u00f3j, obni\u017cone r\u0119kawy. Koszulka jest na tyle szeroka, \u017ce do rozmiaru XL potrzeba wielkoluda. Przylegaj\u0105cy do szyi ko\u0142nierzyk dodaje wyj\u0105tkowego charakteru i oryginalno\u015bci. Wykonana w ca\u0142o\u015bci z bawe\u0142ny o grubo\u015bci 220 g\/m2.<\/p>\r\n<p><strong>Druga (czarna) tj. T-SHIRT OVERSIZED UNISEX Droga do mekki <\/strong> r\u00f3wnie\u017c ma oversizowy kr\u00f3j, ale d\u0142u\u017csze r\u0119kawy. Koszulka jest d\u0142uga (o wiele d\u0142u\u017csza wzgl\u0119dem bia\u0142ej) dlatego zatrzymujemy si\u0119 na rozmiarze XL. Wykonany w ca\u0142o\u015bci z bawe\u0142ny o grubo\u015bci 220 g\/m2.<\/p>\r\n<p>Dok\u0142adne rozmiary koszulek mo\u017cna sprawdzi\u0107 na pojedynczych produktach na stronie <strong><a href=\"https:\/\/elementoff.com\/preorder\/\">elementoff.com\/preorder<\/a><\/strong><\/p>\r\n<p>Ka\u017cdy T-shirt posiada osobn\u0105 numeracj\u0119, a na tyle umieszczamy inicja\u0142y kupuj\u0105cego. Logo na froncie znakujemy haftem. Ty\u0142 znakujemy sitodrukiem. Po\u0142\u0105czenie obu technik zapewnia jako\u015b\u0107 premium, kt\u00f3ra przetrwa lata.<\/p>\r\n<p>W sk\u0142ad zestawu wchodzi dodatkowo jedna z dw\u00f3ch do wyboru czapeczek: <strong>CAP Droga do mekki<\/strong> lub <strong>CAP Droga do mekki 2<\/strong><\/p>\r\n<p><strong>Pierwsza z nich tj. CAP Droga do mekki (czarna)<\/strong> powsta\u0142a z recyklingu z plastikowych butelek. Zastosowana tkanina i zapi\u0119cie na rzep, zapewnia uniwersalne dopasowanie do ka\u017cdej g\u0142owy. Jest bardzo wygodna i lekka. Czapeczk\u0119 znakujemy HAFTEM. Na boku czapeczki nanosimy inicja\u0142y kupuj\u0105cego wraz z numerem seryjnym produktu.\u00a0<\/p>\r\n<p><strong>Druga z nich tj. CAP Droga do mekki 2 (kremowa)<\/strong> polecana jest wszystkim mi\u0142o\u015bnikom aktywnego trybu \u017cycia, zw\u0142aszcza rowerzystom i d\u017cokejom! Wykonana z wysokiej jako\u015bci bawe\u0142nianej tkaniny, zapewniaj\u0105cej trwa\u0142o\u015b\u0107 i komfort noszenia. Charakterystyczny kszta\u0142t i niski profil sprawiaj\u0105, \u017ce idealnie dopasowuje si\u0119 do g\u0142owy. Posiada zapi\u0119cie na klips z regulowanym paskiem. Dwa dodatkowe otwory wentylacyjne po bokach. Czapeczk\u0119 r\u00f3wnie\u017c znakujemy HAFTEM.\u00a0<\/p>\r\n<p><strong>Pakowanie zestawu i bonusy<\/strong>. Zakupiony zestaw umieszczamy w czarnym ozdobnym, r\u0119cznie wykonanym pude\u0142ku. W \u015brodku, starannie spakowane produkty tj. HOODIE z doczepianymi elementami 3D, jedna z wybranych koszulek oraz jedna z wybranych czapeczek. Ca\u0142o\u015b\u0107 zestawu wzbogacona o badge (przypinki), ekstra worek bawe\u0142niany oraz plastikow\u0105 kart\u0119 z inicja\u0142ami kupuj\u0105cego. Na karcie umieszczamy, numer seryjny zestawu oraz personalizujemy dane kupuj\u0105cego. Tak zapakowany zestaw mo\u017ce by\u0107 r\u00f3wnie\u017c gotowym prezentem dla bliskiej Ci osoby.<\/p>\r\n<p><strong>WA\u017bNE<\/strong>. Je\u015bli inicja\u0142y na pojedynczych produktach maj\u0105 by\u0107 inne ni\u017c dane zamawiaj\u0105cego, prosimy o podanie tej informacji w komentarzu podczas sk\u0142adania zam\u00f3wienia. <strong>Gdzie dodaje komentarz do zam\u00f3wienia<\/strong>. Komentarz do zam\u00f3wienia dodajesz w Koszyku w momencie wybrania \u015bcie\u017cki &#8220;Przejd\u017a do p\u0142atno\u015bci&#8221;. Przy wype\u0142nianiu danych w punkcie 4 nale\u017cy zaznaczy\u0107 checkbox &#8220;Dodaj notatk\u0119 do zam\u00f3wienia&#8221;.<\/p>\r\n<p>W tym samym komentarzu do zam\u00f3wienia, nale\u017cy doda\u0107 r\u00f3wnie\u017c informacj\u0119 <strong>jaki kolor koszulki wybierasz<\/strong> oraz <strong>jaki kolor czapeczki<\/strong>. Rozmiar, kt\u00f3ry wybra\u0142e\u015b\/wybra\u0142a\u015b przy zestawie dotyczy produktu HOODIE (bluza). HOODIE w zestawie jest niezmienna. Je\u015bli wybrany przez Ciebie T-shirt ma by\u0107 w innym rozmiarze ani\u017celi HOODIE &#8211; dodaj t\u0119 informacj\u0119 r\u00f3wnie\u017c w komentarzu. Te trzy informacje pozwol\u0105 nam przygotowa\u0107 dla Ciebie gotowy zestaw.<\/p>","protected":false},"excerpt":{"rendered":"<p>Limitowana edycja premium z seri\u0105 dodatk\u00f3w \u2013 zestaw 3 produkt\u00f3w! Zestaw inspirowany legendarnym klubem muzycznym Droga do Mekki [muzyki, grafiki, filmu], kt\u00f3ry dzia\u0142a\u0142 w latach 2004-2009 we Wroc\u0142awiu. W sk\u0142ad zestawu wchodzi bluza HOODIE z elementami 3D w kszta\u0142cie p\u0142yty winylowej (doczepiane do sznurk\u00f3w bluzy), a tak\u017ce wybrany przez Ciebie T-SHIRT i czapeczka CAP. To Ty decydujesz o kolorze i kroju koszulki oraz czapeczki, tworz\u0105c sw\u00f3j unikalny zestaw. W ramach limitowanego zestawu otrzymasz tak\u017ce dodatkowy worek bawe\u0142niany, kt\u00f3ry mo\u017ce s\u0142u\u017cy\u0107 jako plecak (47 x 37 cm), badge (przypinki), ekskluzywn\u0105 kart\u0119 plastikow\u0105 personalizowan\u0105 Twoimi inicja\u0142ami oraz eleganckie czarne pude\u0142ko ozdobne. Na produkty nanosimy Twoje inicja\u0142y. Sprzeda\u017c zestawu w preorderze potrwa do 20 czerwca br.<\/p>\n","protected":false},"featured_media":162,"comment_status":"open","ping_status":"closed","template":"","meta":[],"product_cat":[18,19,17,16],"product_tag":[57],"class_list":{"0":"post-146","1":"product","2":"type-product","3":"status-publish","4":"has-post-thumbnail","6":"product_cat-bluzy","7":"product_cat-czapeczki","8":"product_cat-koszulki","9":"product_cat-merch","10":"product_tag-hoodie","12":"first","13":"outofstock","14":"taxable","15":"shipping-taxable","16":"purchasable","17":"product-type-variable"},"_links":{"self":[{"href":"https:\/\/elementoff.com\/preorder\/wp-json\/wp\/v2\/product\/146","targetHints":{"allow":["GET"]}}],"collection":[{"href":"https:\/\/elementoff.com\/preorder\/wp-json\/wp\/v2\/product"}],"about":[{"href":"https:\/\/elementoff.com\/preorder\/wp-json\/wp\/v2\/types\/product"}],"replies":[{"embeddable":true,"href":"https:\/\/elementoff.com\/preorder\/wp-json\/wp\/v2\/comments?post=146"}],"wp:featuredmedia":[{"embeddable":true,"href":"https:\/\/elementoff.com\/preorder\/wp-json\/wp\/v2\/media\/162"}],"wp:attachment":[{"href":"https:\/\/elementoff.com\/preorder\/wp-json\/wp\/v2\/media?parent=146"}],"wp:term":[{"taxonomy":"product_cat","embeddable":true,"href":"https:\/\/elementoff.com\/preorder\/wp-json\/wp\/v2\/product_cat?post=146"},{"taxonomy":"product_tag","embeddable":true,"href":"https:\/\/elementoff.com\/preorder\/wp-json\/wp\/v2\/product_tag?post=146"}],"curies":[{"name":"wp","href":"https:\/\/api.w.org\/{rel}","templated":true}]}}