{"id":132,"date":"2024-05-22T16:00:09","date_gmt":"2024-05-22T14:00:09","guid":{"rendered":"https:\/\/elementoff.com\/preorder\/?post_type=product&#038;p=132"},"modified":"2024-07-19T16:25:59","modified_gmt":"2024-07-19T14:25:59","slug":"cap-droga-do-mekki2","status":"publish","type":"product","link":"https:\/\/elementoff.com\/preorder\/product\/cap-droga-do-mekki2\/","title":{"rendered":"CAP Droga do mekki 2"},"content":{"rendered":"<p>Seria: <strong>Droga do mekki \u2013 limitowana edycja<\/strong><\/p>\r\n<p><strong>Sprzeda\u017c PREORDER. Jak to dzia\u0142a<\/strong> Przyjmowanie zam\u00f3wie\u0144 potrwa do 20.06.2024 r. Czapeczka nie b\u0119dzie dost\u0119pna w sprzeda\u017cy seryjnej. Po zako\u0144czeniu sprzeda\u017cy preorder\u00f3w, zakupiony produkt trafi do odbiorcy w ci\u0105gu kolejnych 14 dni roboczych.<\/p>\r\n<p><strong>Materia\u0142<\/strong>. Tkanina obudowy 1: 100% bawe\u0142na, TWILL BAWE\u0141NIANY, 400 g\/m\u00b2<\/p>\r\n<p>Wykonana z wysokiej jako\u015bci bawe\u0142nianej tkaniny twill, zapewniaj\u0105cej trwa\u0142o\u015b\u0107 i komfort noszenia. Jej charakterystyczny kszta\u0142t 5-panelowy i niski profil sprawiaj\u0105, \u017ce idealnie dopasowuje si\u0119 do g\u0142owy.\u00a0<\/p>\r\n<p><strong>Technika znakowania czapeczki<\/strong>. Logo znakujemy haftem.\u00a0 Na czapeczce umieszczamy hologram (naklejk\u0119). Czapeczk\u0119 wzbogacamy o badge (przypink\u0119).<\/p>\r\n<p><strong>WA\u017bNE<\/strong>. Je\u015bli inicja\u0142y na bluzie maj\u0105 by\u0107 inne ni\u017c dane zamawiaj\u0105cego, prosimy o podanie tej informacji w komentarzu podczas sk\u0142adania zam\u00f3wienia.<\/p>","protected":false},"excerpt":{"rendered":"<p>Limitowana edycja! CAP inspirowany legendarnym klubem muzycznym Droga do mekki [muzyki, grafiki, filmu]. Popularna w\u015br\u00f3d rowerzyst\u00f3w i d\u017cokej\u00f3w! Polecana jest wszystkim mi\u0142o\u015bnikom aktywnego trybu \u017cycia. Wykonana z wysokiej jako\u015bci bawe\u0142nianej tkaniny, zapewniaj\u0105cej trwa\u0142o\u015b\u0107 i komfort noszenia. Charakterystyczny kszta\u0142t i niski profil sprawiaj\u0105, \u017ce idealnie dopasowuje si\u0119 do g\u0142owy. Posiada zapi\u0119cie na klips z regulowanym paskiem. Dwa dodatkowe otwory wentylacyjne po bokach. Czapeczk\u0119 znakujemy HAFTEM. Do czapeczki doczepiamy badge (przypinka).<\/p>\n","protected":false},"featured_media":135,"comment_status":"closed","ping_status":"closed","template":"","meta":[],"product_cat":[19,16],"product_tag":[],"class_list":{"0":"post-132","1":"product","2":"type-product","3":"status-publish","4":"has-post-thumbnail","6":"product_cat-czapeczki","7":"product_cat-merch","9":"first","10":"outofstock","11":"taxable","12":"shipping-taxable","13":"purchasable","14":"product-type-simple"},"_links":{"self":[{"href":"https:\/\/elementoff.com\/preorder\/wp-json\/wp\/v2\/product\/132","targetHints":{"allow":["GET"]}}],"collection":[{"href":"https:\/\/elementoff.com\/preorder\/wp-json\/wp\/v2\/product"}],"about":[{"href":"https:\/\/elementoff.com\/preorder\/wp-json\/wp\/v2\/types\/product"}],"replies":[{"embeddable":true,"href":"https:\/\/elementoff.com\/preorder\/wp-json\/wp\/v2\/comments?post=132"}],"wp:featuredmedia":[{"embeddable":true,"href":"https:\/\/elementoff.com\/preorder\/wp-json\/wp\/v2\/media\/135"}],"wp:attachment":[{"href":"https:\/\/elementoff.com\/preorder\/wp-json\/wp\/v2\/media?parent=132"}],"wp:term":[{"taxonomy":"product_cat","embeddable":true,"href":"https:\/\/elementoff.com\/preorder\/wp-json\/wp\/v2\/product_cat?post=132"},{"taxonomy":"product_tag","embeddable":true,"href":"https:\/\/elementoff.com\/preorder\/wp-json\/wp\/v2\/product_tag?post=132"}],"curies":[{"name":"wp","href":"https:\/\/api.w.org\/{rel}","templated":true}]}}