{"id":116,"date":"2024-05-19T15:12:37","date_gmt":"2024-05-19T13:12:37","guid":{"rendered":"https:\/\/elementoff.com\/preorder\/?post_type=product&#038;p=116"},"modified":"2024-07-19T16:25:37","modified_gmt":"2024-07-19T14:25:37","slug":"cap-droga-do-mekki","status":"publish","type":"product","link":"https:\/\/elementoff.com\/preorder\/product\/cap-droga-do-mekki\/","title":{"rendered":"CAP Droga do mekki"},"content":{"rendered":"<p>Seria: <strong>Droga do mekki \u2013 limitowana edycja<\/strong><\/p>\r\n<p><strong>Sprzeda\u017c PREORDER. Jak to dzia\u0142a<\/strong> Przyjmowanie zam\u00f3wie\u0144 potrwa do 20.06.2024 r. Czapeczka nie b\u0119dzie dost\u0119pna w sprzeda\u017cy seryjnej. Po zako\u0144czeniu sprzeda\u017cy preorder\u00f3w, zakupiony produkt trafi do odbiorcy w ci\u0105gu kolejnych 14 dni roboczych.<\/p>\r\n<p><strong>Materia\u0142<\/strong>. Czapeczka powsta\u0142a z recyklingu z plastikowych butelek, a dok\u0142adniej stworzona jest z materia\u0142u z przewiewnego poliestru pochodz\u0105cego z recyklingu. Tkanina zastosowana w czapeczce (elastanowa). Czapeczka posiada sze\u015b\u0107 przeszy\u0107 na dachu.<\/p>\r\n<p><strong>Technika znakowania czapeczki<\/strong>. Logo znakujemy haftem. Na boku czapeczki nanosimy inicja\u0142y kupuj\u0105cego wraz z numerem seryjnym produktu. Na czapeczce umieszczamy hologram (naklejk\u0119). Czapeczk\u0119 wzbogacamy o badge (przypink\u0119).<\/p>\r\n<p><strong>WA\u017bNE<\/strong>. Je\u015bli inicja\u0142y na bluzie maj\u0105 by\u0107 inne ni\u017c dane zamawiaj\u0105cego, prosimy o podanie tej informacji w komentarzu podczas sk\u0142adania zam\u00f3wienia.<\/p>","protected":false},"excerpt":{"rendered":"<p>Limitowana edycja! CAP inspirowany legendarnym klubem muzycznym Droga do mekki [muzyki, grafiki, filmu]. Pozycja obowi\u0105zkowa dla Pa\u0144 i dla Pan\u00f3w. Czapeczka powsta\u0142a z recyklingu z plastikowych butelek. Zastosowana tkanina i zapi\u0119cie na rzep, zapewnia uniwersalne dopasowanie do ka\u017cdej g\u0142owy. Jest bardzo wygodna i lekka. Czapeczk\u0119 znakujemy HAFTEM. Na boku czapeczki nanosimy inicja\u0142y kupuj\u0105cego wraz z numerem seryjnym produktu. Do czapeczki doczepiamy badge (przypinka).<\/p>\n","protected":false},"featured_media":130,"comment_status":"open","ping_status":"closed","template":"","meta":[],"product_cat":[19,16],"product_tag":[],"class_list":{"0":"post-116","1":"product","2":"type-product","3":"status-publish","4":"has-post-thumbnail","6":"product_cat-czapeczki","7":"product_cat-merch","9":"first","10":"outofstock","11":"taxable","12":"shipping-taxable","13":"purchasable","14":"product-type-simple"},"_links":{"self":[{"href":"https:\/\/elementoff.com\/preorder\/wp-json\/wp\/v2\/product\/116","targetHints":{"allow":["GET"]}}],"collection":[{"href":"https:\/\/elementoff.com\/preorder\/wp-json\/wp\/v2\/product"}],"about":[{"href":"https:\/\/elementoff.com\/preorder\/wp-json\/wp\/v2\/types\/product"}],"replies":[{"embeddable":true,"href":"https:\/\/elementoff.com\/preorder\/wp-json\/wp\/v2\/comments?post=116"}],"wp:featuredmedia":[{"embeddable":true,"href":"https:\/\/elementoff.com\/preorder\/wp-json\/wp\/v2\/media\/130"}],"wp:attachment":[{"href":"https:\/\/elementoff.com\/preorder\/wp-json\/wp\/v2\/media?parent=116"}],"wp:term":[{"taxonomy":"product_cat","embeddable":true,"href":"https:\/\/elementoff.com\/preorder\/wp-json\/wp\/v2\/product_cat?post=116"},{"taxonomy":"product_tag","embeddable":true,"href":"https:\/\/elementoff.com\/preorder\/wp-json\/wp\/v2\/product_tag?post=116"}],"curies":[{"name":"wp","href":"https:\/\/api.w.org\/{rel}","templated":true}]}}