{"id":8,"date":"2024-05-10T02:27:18","date_gmt":"2024-05-10T00:27:18","guid":{"rendered":"https:\/\/elementoff.com\/preorder\/cart\/"},"modified":"2024-05-10T02:31:18","modified_gmt":"2024-05-10T00:31:18","slug":"cart","status":"publish","type":"page","link":"https:\/\/elementoff.com\/preorder\/cart\/","title":{"rendered":"Cart"},"content":{"rendered":"<div data-block-name=\"woocommerce\/cart\" class=\"wp-block-woocommerce-cart alignwide is-loading\"><div data-block-name=\"woocommerce\/filled-cart-block\" class=\"wp-block-woocommerce-filled-cart-block\"><div data-block-name=\"woocommerce\/cart-items-block\" class=\"wp-block-woocommerce-cart-items-block\"><div data-block-name=\"woocommerce\/cart-line-items-block\" class=\"wp-block-woocommerce-cart-line-items-block\"><\/div>\r\n\r\n<div data-block-name=\"woocommerce\/cart-cross-sells-block\" class=\"wp-block-woocommerce-cart-cross-sells-block\">\r\n<h2 class=\"wp-block-heading has-large-font-size\">Mog\u0105 Ci\u0119 zainteresowa\u0107\u2026<\/h2>\r\n\r\n\r\n<div data-block-name=\"woocommerce\/cart-cross-sells-products-block\" class=\"wp-block-woocommerce-cart-cross-sells-products-block\"><\/div><\/div><\/div>\r\n\r\n<div data-block-name=\"woocommerce\/cart-totals-block\" class=\"wp-block-woocommerce-cart-totals-block\"><div data-block-name=\"woocommerce\/cart-order-summary-block\" class=\"wp-block-woocommerce-cart-order-summary-block\"><div data-block-name=\"woocommerce\/cart-order-summary-heading-block\" class=\"wp-block-woocommerce-cart-order-summary-heading-block\"><\/div>\r\n\r\n<div data-block-name=\"woocommerce\/cart-order-summary-coupon-form-block\" class=\"wp-block-woocommerce-cart-order-summary-coupon-form-block\"><\/div>\r\n\r\n\r\n\r\n\r\n\r\n\r\n\r\n\r\n\r\n<div data-block-name=\"woocommerce\/cart-order-summary-totals-block\" class=\"wp-block-woocommerce-cart-order-summary-totals-block\">\n<div data-block-name=\"woocommerce\/cart-order-summary-subtotal-block\" class=\"wp-block-woocommerce-cart-order-summary-subtotal-block\"><\/div>\n<div data-block-name=\"woocommerce\/cart-order-summary-discount-block\" class=\"wp-block-woocommerce-cart-order-summary-discount-block\"><\/div>\n<div data-block-name=\"woocommerce\/cart-order-summary-fee-block\" class=\"wp-block-woocommerce-cart-order-summary-fee-block\"><\/div>\n<div data-block-name=\"woocommerce\/cart-order-summary-shipping-block\" class=\"wp-block-woocommerce-cart-order-summary-shipping-block\"><\/div>\n<div data-block-name=\"woocommerce\/cart-order-summary-taxes-block\" class=\"wp-block-woocommerce-cart-order-summary-taxes-block\"><\/div><\/div><\/div>\r\n\r\n<div data-block-name=\"woocommerce\/cart-express-payment-block\" class=\"wp-block-woocommerce-cart-express-payment-block\"><\/div>\r\n\r\n<div data-block-name=\"woocommerce\/proceed-to-checkout-block\" class=\"wp-block-woocommerce-proceed-to-checkout-block\"><\/div>\r\n\r\n<div data-block-name=\"woocommerce\/cart-accepted-payment-methods-block\" class=\"wp-block-woocommerce-cart-accepted-payment-methods-block\"><\/div><\/div><\/div>\r\n\r\n<div data-block-name=\"woocommerce\/empty-cart-block\" class=\"wp-block-woocommerce-empty-cart-block\">\r\n<h2 class=\"wp-block-heading has-text-align-center with-empty-cart-icon wc-block-cart__empty-cart__title\">Tw\u00f3j koszyk jest aktualnie pusty.<\/h2>\r\n<p class=\"text-center\">Zapraszam ponownie do przejrzenia produkt\u00f3w lub do powrotu na m\u00f3j sklep w dogodnym dla Ciebie czasie. Dobrego dnia! <\/p>\r\n\r\n\r\n\r\n<hr class=\"wp-block-separator has-alpha-channel-opacity is-style-dots\"\/>\r\n\r\n\r\n\r\n<h2 class=\"wp-block-heading has-text-align-center\">Nowe w sklepie<\/h2>\r\n\r\n\r\n<div data-block-name=\"woocommerce\/product-new\" data-columns=\"4\" data-rows=\"1\" class=\"wc-block-grid wp-block-product-new wc-block-product-new has-4-columns\"><ul class=\"wc-block-grid__products\"><li class=\"wc-block-grid__product\">\n\t\t\t\t<a href=\"https:\/\/elementoff.com\/preorder\/product\/set-droga-do-mekki\/\" class=\"wc-block-grid__product-link\">\n\t\t\t\t\t\n\t\t\t\t\t<div class=\"wc-block-grid__product-image\"><img loading=\"lazy\" decoding=\"async\" width=\"300\" height=\"300\" src=\"https:\/\/elementoff.com\/preorder\/wp-content\/uploads\/2024\/05\/Droga-do-mekki-set-premium-300x300.png\" class=\"attachment-woocommerce_thumbnail size-woocommerce_thumbnail\" alt=\"SET UNISEX Droga do mekki [Exclusive Premium]\" srcset=\"https:\/\/elementoff.com\/preorder\/wp-content\/uploads\/2024\/05\/Droga-do-mekki-set-premium-300x300.png 300w, https:\/\/elementoff.com\/preorder\/wp-content\/uploads\/2024\/05\/Droga-do-mekki-set-premium-150x150.png 150w, https:\/\/elementoff.com\/preorder\/wp-content\/uploads\/2024\/05\/Droga-do-mekki-set-premium-768x768.png 768w, https:\/\/elementoff.com\/preorder\/wp-content\/uploads\/2024\/05\/Droga-do-mekki-set-premium-600x600.png 600w, https:\/\/elementoff.com\/preorder\/wp-content\/uploads\/2024\/05\/Droga-do-mekki-set-premium-100x100.png 100w, https:\/\/elementoff.com\/preorder\/wp-content\/uploads\/2024\/05\/Droga-do-mekki-set-premium.png 1000w\" sizes=\"auto, (max-width: 300px) 100vw, 300px\" \/><\/div>\n\t\t\t\t\t<div class=\"wc-block-grid__product-title\">SET UNISEX Droga do mekki [Exclusive Premium]<\/div>\n\t\t\t\t<\/a>\n\t\t\t\t<div class=\"wc-block-grid__product-price price\"><span class=\"woocommerce-Price-amount amount\">695,00&nbsp;<span class=\"woocommerce-Price-currencySymbol\">&#122;&#322;<\/span><\/span><\/div>\n\t\t\t\t\n\t\t\t\t<div class=\"wp-block-button wc-block-grid__product-add-to-cart\"><a href=\"https:\/\/elementoff.com\/preorder\/product\/set-droga-do-mekki\/\" aria-label=\"Select options for &ldquo;SET UNISEX Droga do mekki [Exclusive Premium]&rdquo;\" data-quantity=\"1\" data-product_id=\"146\" data-product_sku=\"EOFF-020M-SET-DDM\" data-price=\"695\" rel=\"nofollow\" class=\"wp-block-button__link  add_to_cart_button\">Select options<\/a><\/div>\n\t\t\t<\/li><li class=\"wc-block-grid__product\">\n\t\t\t\t<a href=\"https:\/\/elementoff.com\/preorder\/product\/cap-droga-do-mekki2\/\" class=\"wc-block-grid__product-link\">\n\t\t\t\t\t\n\t\t\t\t\t<div class=\"wc-block-grid__product-image\"><img loading=\"lazy\" decoding=\"async\" width=\"300\" height=\"300\" src=\"https:\/\/elementoff.com\/preorder\/wp-content\/uploads\/2024\/05\/Cap2-Droga-do-mekki-front-300x300.png\" class=\"attachment-woocommerce_thumbnail size-woocommerce_thumbnail\" alt=\"CAP Droga do mekki 2\" srcset=\"https:\/\/elementoff.com\/preorder\/wp-content\/uploads\/2024\/05\/Cap2-Droga-do-mekki-front-300x300.png 300w, https:\/\/elementoff.com\/preorder\/wp-content\/uploads\/2024\/05\/Cap2-Droga-do-mekki-front-150x150.png 150w, https:\/\/elementoff.com\/preorder\/wp-content\/uploads\/2024\/05\/Cap2-Droga-do-mekki-front-768x768.png 768w, https:\/\/elementoff.com\/preorder\/wp-content\/uploads\/2024\/05\/Cap2-Droga-do-mekki-front-600x600.png 600w, https:\/\/elementoff.com\/preorder\/wp-content\/uploads\/2024\/05\/Cap2-Droga-do-mekki-front-100x100.png 100w, https:\/\/elementoff.com\/preorder\/wp-content\/uploads\/2024\/05\/Cap2-Droga-do-mekki-front.png 1000w\" sizes=\"auto, (max-width: 300px) 100vw, 300px\" \/><\/div>\n\t\t\t\t\t<div class=\"wc-block-grid__product-title\">CAP Droga do mekki 2<\/div>\n\t\t\t\t<\/a>\n\t\t\t\t<div class=\"wc-block-grid__product-price price\"><span class=\"woocommerce-Price-amount amount\">175,00&nbsp;<span class=\"woocommerce-Price-currencySymbol\">&#122;&#322;<\/span><\/span><\/div>\n\t\t\t\t\n\t\t\t\t<div class=\"wp-block-button wc-block-grid__product-add-to-cart\"><a href=\"https:\/\/elementoff.com\/preorder\/product\/cap-droga-do-mekki2\/\" aria-label=\"Read more about &ldquo;CAP Droga do mekki 2&rdquo;\" data-quantity=\"1\" data-product_id=\"132\" data-product_sku=\"EOFF-015M-7005-DDM\" data-price=\"175\" rel=\"nofollow\" class=\"wp-block-button__link  add_to_cart_button\">Read more<\/a><\/div>\n\t\t\t<\/li><li class=\"wc-block-grid__product\">\n\t\t\t\t<a href=\"https:\/\/elementoff.com\/preorder\/product\/cap-droga-do-mekki\/\" class=\"wc-block-grid__product-link\">\n\t\t\t\t\t\n\t\t\t\t\t<div class=\"wc-block-grid__product-image\"><img loading=\"lazy\" decoding=\"async\" width=\"300\" height=\"300\" src=\"https:\/\/elementoff.com\/preorder\/wp-content\/uploads\/2024\/05\/Cap-Droga-do-mekki-front-300x300.png\" class=\"attachment-woocommerce_thumbnail size-woocommerce_thumbnail\" alt=\"CAP Droga do mekki\" srcset=\"https:\/\/elementoff.com\/preorder\/wp-content\/uploads\/2024\/05\/Cap-Droga-do-mekki-front-300x300.png 300w, https:\/\/elementoff.com\/preorder\/wp-content\/uploads\/2024\/05\/Cap-Droga-do-mekki-front-150x150.png 150w, https:\/\/elementoff.com\/preorder\/wp-content\/uploads\/2024\/05\/Cap-Droga-do-mekki-front-768x768.png 768w, https:\/\/elementoff.com\/preorder\/wp-content\/uploads\/2024\/05\/Cap-Droga-do-mekki-front-600x600.png 600w, https:\/\/elementoff.com\/preorder\/wp-content\/uploads\/2024\/05\/Cap-Droga-do-mekki-front-100x100.png 100w, https:\/\/elementoff.com\/preorder\/wp-content\/uploads\/2024\/05\/Cap-Droga-do-mekki-front.png 1000w\" sizes=\"auto, (max-width: 300px) 100vw, 300px\" \/><\/div>\n\t\t\t\t\t<div class=\"wc-block-grid__product-title\">CAP Droga do mekki<\/div>\n\t\t\t\t<\/a>\n\t\t\t\t<div class=\"wc-block-grid__product-price price\"><span class=\"woocommerce-Price-amount amount\">175,00&nbsp;<span class=\"woocommerce-Price-currencySymbol\">&#122;&#322;<\/span><\/span><\/div>\n\t\t\t\t\n\t\t\t\t<div class=\"wp-block-button wc-block-grid__product-add-to-cart\"><a href=\"https:\/\/elementoff.com\/preorder\/product\/cap-droga-do-mekki\/\" aria-label=\"Read more about &ldquo;CAP Droga do mekki&rdquo;\" data-quantity=\"1\" data-product_id=\"116\" data-product_sku=\"EOFF-002M-677-DDM\" data-price=\"175\" rel=\"nofollow\" class=\"wp-block-button__link  add_to_cart_button\">Read more<\/a><\/div>\n\t\t\t<\/li><li class=\"wc-block-grid__product\">\n\t\t\t\t<a href=\"https:\/\/elementoff.com\/preorder\/product\/t-shirt-oversized-unisex-droga-do-mekki\/\" class=\"wc-block-grid__product-link\">\n\t\t\t\t\t\n\t\t\t\t\t<div class=\"wc-block-grid__product-image\"><img loading=\"lazy\" decoding=\"async\" width=\"300\" height=\"300\" src=\"https:\/\/elementoff.com\/preorder\/wp-content\/uploads\/2024\/05\/T-shirt-unisex-droga-do-mekki1-front-300x300.png\" class=\"attachment-woocommerce_thumbnail size-woocommerce_thumbnail\" alt=\"T-SHIRT OVERSIZED UNISEX Droga do mekki\" srcset=\"https:\/\/elementoff.com\/preorder\/wp-content\/uploads\/2024\/05\/T-shirt-unisex-droga-do-mekki1-front-300x300.png 300w, https:\/\/elementoff.com\/preorder\/wp-content\/uploads\/2024\/05\/T-shirt-unisex-droga-do-mekki1-front-150x150.png 150w, https:\/\/elementoff.com\/preorder\/wp-content\/uploads\/2024\/05\/T-shirt-unisex-droga-do-mekki1-front-768x768.png 768w, https:\/\/elementoff.com\/preorder\/wp-content\/uploads\/2024\/05\/T-shirt-unisex-droga-do-mekki1-front-600x600.png 600w, https:\/\/elementoff.com\/preorder\/wp-content\/uploads\/2024\/05\/T-shirt-unisex-droga-do-mekki1-front-100x100.png 100w, https:\/\/elementoff.com\/preorder\/wp-content\/uploads\/2024\/05\/T-shirt-unisex-droga-do-mekki1-front.png 1000w\" sizes=\"auto, (max-width: 300px) 100vw, 300px\" \/><\/div>\n\t\t\t\t\t<div class=\"wc-block-grid__product-title\">T-SHIRT OVERSIZED UNISEX Droga do mekki<\/div>\n\t\t\t\t<\/a>\n\t\t\t\t<div class=\"wc-block-grid__product-price price\"><span class=\"woocommerce-Price-amount amount\">230,00&nbsp;<span class=\"woocommerce-Price-currencySymbol\">&#122;&#322;<\/span><\/span><\/div>\n\t\t\t\t\n\t\t\t\t<div class=\"wp-block-button wc-block-grid__product-add-to-cart\"><a href=\"https:\/\/elementoff.com\/preorder\/product\/t-shirt-oversized-unisex-droga-do-mekki\/\" aria-label=\"Select options for &ldquo;T-SHIRT OVERSIZED UNISEX Droga do mekki&rdquo;\" data-quantity=\"1\" data-product_id=\"107\" data-product_sku=\"EOFF-018M-270-DDM\" data-price=\"230\" rel=\"nofollow\" class=\"wp-block-button__link  add_to_cart_button\">Select options<\/a><\/div>\n\t\t\t<\/li><\/ul><\/div><\/div><\/div>","protected":false},"excerpt":{"rendered":"","protected":false},"author":1,"featured_media":0,"parent":0,"menu_order":0,"comment_status":"closed","ping_status":"closed","template":"","meta":{"footnotes":""},"class_list":["post-8","page","type-page","status-publish","hentry"],"_links":{"self":[{"href":"https:\/\/elementoff.com\/preorder\/wp-json\/wp\/v2\/pages\/8","targetHints":{"allow":["GET"]}}],"collection":[{"href":"https:\/\/elementoff.com\/preorder\/wp-json\/wp\/v2\/pages"}],"about":[{"href":"https:\/\/elementoff.com\/preorder\/wp-json\/wp\/v2\/types\/page"}],"author":[{"embeddable":true,"href":"https:\/\/elementoff.com\/preorder\/wp-json\/wp\/v2\/users\/1"}],"replies":[{"embeddable":true,"href":"https:\/\/elementoff.com\/preorder\/wp-json\/wp\/v2\/comments?post=8"}],"version-history":[{"count":1,"href":"https:\/\/elementoff.com\/preorder\/wp-json\/wp\/v2\/pages\/8\/revisions"}],"predecessor-version":[{"id":12,"href":"https:\/\/elementoff.com\/preorder\/wp-json\/wp\/v2\/pages\/8\/revisions\/12"}],"wp:attachment":[{"href":"https:\/\/elementoff.com\/preorder\/wp-json\/wp\/v2\/media?parent=8"}],"curies":[{"name":"wp","href":"https:\/\/api.w.org\/{rel}","templated":true}]}}