{"id":64,"date":"2024-07-30T17:00:51","date_gmt":"2024-07-30T15:00:51","guid":{"rendered":"https:\/\/elementoff.com\/mip\/?post_type=product&#038;p=64"},"modified":"2024-07-30T20:31:10","modified_gmt":"2024-07-30T18:31:10","slug":"t-shirt-oversized-unisex-black","status":"publish","type":"product","link":"https:\/\/elementoff.com\/mip\/produkt\/t-shirt-oversized-unisex-black\/","title":{"rendered":"T-SHIRT OVERSIZED UNISEX Black"},"content":{"rendered":"<p><strong>Produkt stworzony z bawe\u0142ny.\u00a0<\/strong>Koszulka zosta\u0142a wykonana w ca\u0142o\u015bci z wysokiej jako\u015bci bawe\u0142ny, o grubo\u015bci 220 g\/m2.\u00a0 Kr\u00f3j oraz wi\u0119ksza od standardowych koszulek grubo\u015b\u0107, zapewnia wyj\u0105tkow\u0105 wygod\u0119 podczas noszenia i trwa\u0142o\u015b\u0107 na d\u0142ugi czas.<\/p>\r\n<p><strong>Technika znakowania produktu<\/strong>. Koszulki znakujemy technik\u0105 DTF, zapewniaj\u0105c wyraziste i trwa\u0142e efekty.<\/p>\r\n<p>&nbsp;<\/p>","protected":false},"excerpt":{"rendered":"<p>Konkrit, szare bloki, brutalizm,<\/p>\n<p>socereal, nic tylko zwariowa\u0107.<\/p>\n<p>Ten t-shirt jest tego dowodem.<\/p>\n<p>Na to \u017ce jeste\u015b sk\u0105d jeste\u015b.<\/p>\n","protected":false},"featured_media":93,"comment_status":"closed","ping_status":"closed","template":"","meta":[],"product_cat":[15,23],"product_tag":[],"class_list":{"0":"post-64","1":"product","2":"type-product","3":"status-publish","4":"has-post-thumbnail","6":"product_cat-merch","7":"product_cat-tshirts","9":"first","10":"instock","11":"taxable","12":"shipping-taxable","13":"purchasable","14":"product-type-variable","15":"has-default-attributes"},"_links":{"self":[{"href":"https:\/\/elementoff.com\/mip\/wp-json\/wp\/v2\/product\/64","targetHints":{"allow":["GET"]}}],"collection":[{"href":"https:\/\/elementoff.com\/mip\/wp-json\/wp\/v2\/product"}],"about":[{"href":"https:\/\/elementoff.com\/mip\/wp-json\/wp\/v2\/types\/product"}],"replies":[{"embeddable":true,"href":"https:\/\/elementoff.com\/mip\/wp-json\/wp\/v2\/comments?post=64"}],"wp:featuredmedia":[{"embeddable":true,"href":"https:\/\/elementoff.com\/mip\/wp-json\/wp\/v2\/media\/93"}],"wp:attachment":[{"href":"https:\/\/elementoff.com\/mip\/wp-json\/wp\/v2\/media?parent=64"}],"wp:term":[{"taxonomy":"product_cat","embeddable":true,"href":"https:\/\/elementoff.com\/mip\/wp-json\/wp\/v2\/product_cat?post=64"},{"taxonomy":"product_tag","embeddable":true,"href":"https:\/\/elementoff.com\/mip\/wp-json\/wp\/v2\/product_tag?post=64"}],"curies":[{"name":"wp","href":"https:\/\/api.w.org\/{rel}","templated":true}]}}